{"id":4627,"date":"2025-03-31T19:01:41","date_gmt":"2025-03-31T19:01:41","guid":{"rendered":"https:\/\/aberturasilver.com.ar\/?post_type=product&#038;p=4627"},"modified":"2025-12-01T00:59:18","modified_gmt":"2025-12-01T00:59:18","slug":"porton-premium","status":"publish","type":"product","link":"https:\/\/aberturasilver.com.ar\/index.php\/producto\/porton-premium\/","title":{"rendered":"PORT\u00d3N PREMIUM"},"content":{"rendered":"<p>Port\u00f3n l\u00ednea premium<\/p>\n<p>Port\u00f3n super reforzado: Seguridad y elegancia<\/p>\n<p>Se entrega sin lustre, con barral decorativo.<\/p>\n<p>Cerradura de seguridad y llaves. En tres hojas 240&#215;200<\/p>\n<p>&nbsp;<\/p>\n","protected":false},"excerpt":{"rendered":"<p>Port\u00f3n l\u00ednea premium Port\u00f3n super reforzado: Seguridad y elegancia Se entrega sin lustre, con barral decorativo. Cerradura de seguridad y llaves. En tres hojas 240&#215;200 &nbsp;<\/p>\n","protected":false},"featured_media":4628,"comment_status":"open","ping_status":"closed","template":"","meta":{"site-sidebar-layout":"default","site-content-layout":"","ast-site-content-layout":"default","site-content-style":"default","site-sidebar-style":"default","ast-global-header-display":"","ast-banner-title-visibility":"","ast-main-header-display":"","ast-hfb-above-header-display":"","ast-hfb-below-header-display":"","ast-hfb-mobile-header-display":"","site-post-title":"","ast-breadcrumbs-content":"","ast-featured-img":"","footer-sml-layout":"","theme-transparent-header-meta":"default","adv-header-id-meta":"","stick-header-meta":"","header-above-stick-meta":"","header-main-stick-meta":"","header-below-stick-meta":"","astra-migrate-meta-layouts":"set","ast-page-background-enabled":"default","ast-page-background-meta":{"desktop":{"background-color":"var(--ast-global-color-4)","background-image":"","background-repeat":"repeat","background-position":"center center","background-size":"auto","background-attachment":"scroll","background-type":"","background-media":"","overlay-type":"","overlay-color":"","overlay-opacity":"","overlay-gradient":""},"tablet":{"background-color":"","background-image":"","background-repeat":"repeat","background-position":"center center","background-size":"auto","background-attachment":"scroll","background-type":"","background-media":"","overlay-type":"","overlay-color":"","overlay-opacity":"","overlay-gradient":""},"mobile":{"background-color":"","background-image":"","background-repeat":"repeat","background-position":"center center","background-size":"auto","background-attachment":"scroll","background-type":"","background-media":"","overlay-type":"","overlay-color":"","overlay-opacity":"","overlay-gradient":""}},"ast-content-background-meta":{"desktop":{"background-color":"var(--ast-global-color-5)","background-image":"","background-repeat":"repeat","background-position":"center center","background-size":"auto","background-attachment":"scroll","background-type":"","background-media":"","overlay-type":"","overlay-color":"","overlay-opacity":"","overlay-gradient":""},"tablet":{"background-color":"var(--ast-global-color-5)","background-image":"","background-repeat":"repeat","background-position":"center center","background-size":"auto","background-attachment":"scroll","background-type":"","background-media":"","overlay-type":"","overlay-color":"","overlay-opacity":"","overlay-gradient":""},"mobile":{"background-color":"var(--ast-global-color-5)","background-image":"","background-repeat":"repeat","background-position":"center center","background-size":"auto","background-attachment":"scroll","background-type":"","background-media":"","overlay-type":"","overlay-color":"","overlay-opacity":"","overlay-gradient":""}}},"product_brand":[],"product_cat":[44,30,21],"product_tag":[],"class_list":{"0":"post-4627","1":"product","2":"type-product","3":"status-publish","4":"has-post-thumbnail","6":"product_cat-destacados","7":"product_cat-estilo-moderno-portones","8":"product_cat-portones","9":"desktop-align-left","10":"tablet-align-left","11":"mobile-align-left","13":"first","14":"instock","15":"shipping-taxable","16":"purchasable","17":"product-type-simple"},"yoast_head":"<!-- This site is optimized with the Yoast SEO plugin v25.6 - https:\/\/yoast.com\/wordpress\/plugins\/seo\/ -->\n<title>PORT\u00d3N PREMIUM - Aberturas Silver<\/title>\n<meta name=\"robots\" content=\"index, follow, max-snippet:-1, max-image-preview:large, max-video-preview:-1\" \/>\n<link rel=\"canonical\" href=\"https:\/\/aberturasilver.com.ar\/index.php\/producto\/porton-premium\/\" \/>\n<meta property=\"og:locale\" content=\"es_ES\" \/>\n<meta property=\"og:type\" content=\"article\" \/>\n<meta property=\"og:title\" content=\"PORT\u00d3N PREMIUM - Aberturas Silver\" \/>\n<meta property=\"og:description\" content=\"Port\u00f3n l\u00ednea premium Port\u00f3n super reforzado: Seguridad y elegancia Se entrega sin lustre, con barral decorativo. Cerradura de seguridad y llaves. En tres hojas 240&#215;200 &nbsp;\" \/>\n<meta property=\"og:url\" content=\"https:\/\/aberturasilver.com.ar\/index.php\/producto\/porton-premium\/\" \/>\n<meta property=\"og:site_name\" content=\"Aberturas Silver\" \/>\n<meta property=\"article:modified_time\" content=\"2025-12-01T00:59:18+00:00\" \/>\n<meta property=\"og:image\" content=\"http:\/\/aberturasilver.com.ar\/wp-content\/uploads\/2025\/03\/Porton-linea-premium.jpg\" \/>\n\t<meta property=\"og:image:width\" content=\"700\" \/>\n\t<meta property=\"og:image:height\" content=\"394\" \/>\n\t<meta property=\"og:image:type\" content=\"image\/jpeg\" \/>\n<meta name=\"twitter:card\" content=\"summary_large_image\" \/>\n<meta name=\"twitter:label1\" content=\"Tiempo de lectura\" \/>\n\t<meta name=\"twitter:data1\" content=\"1 minuto\" \/>\n<script type=\"application\/ld+json\" class=\"yoast-schema-graph\">{\"@context\":\"https:\/\/schema.org\",\"@graph\":[{\"@type\":\"WebPage\",\"@id\":\"https:\/\/aberturasilver.com.ar\/index.php\/producto\/porton-premium\/\",\"url\":\"https:\/\/aberturasilver.com.ar\/index.php\/producto\/porton-premium\/\",\"name\":\"PORT\u00d3N PREMIUM - Aberturas Silver\",\"isPartOf\":{\"@id\":\"https:\/\/aberturasilver.com.ar\/#website\"},\"primaryImageOfPage\":{\"@id\":\"https:\/\/aberturasilver.com.ar\/index.php\/producto\/porton-premium\/#primaryimage\"},\"image\":{\"@id\":\"https:\/\/aberturasilver.com.ar\/index.php\/producto\/porton-premium\/#primaryimage\"},\"thumbnailUrl\":\"https:\/\/aberturasilver.com.ar\/wp-content\/uploads\/2025\/03\/Porton-linea-premium.jpg\",\"datePublished\":\"2025-03-31T19:01:41+00:00\",\"dateModified\":\"2025-12-01T00:59:18+00:00\",\"breadcrumb\":{\"@id\":\"https:\/\/aberturasilver.com.ar\/index.php\/producto\/porton-premium\/#breadcrumb\"},\"inLanguage\":\"es-AR\",\"potentialAction\":[{\"@type\":\"ReadAction\",\"target\":[\"https:\/\/aberturasilver.com.ar\/index.php\/producto\/porton-premium\/\"]}]},{\"@type\":\"ImageObject\",\"inLanguage\":\"es-AR\",\"@id\":\"https:\/\/aberturasilver.com.ar\/index.php\/producto\/porton-premium\/#primaryimage\",\"url\":\"https:\/\/aberturasilver.com.ar\/wp-content\/uploads\/2025\/03\/Porton-linea-premium.jpg\",\"contentUrl\":\"https:\/\/aberturasilver.com.ar\/wp-content\/uploads\/2025\/03\/Porton-linea-premium.jpg\",\"width\":700,\"height\":394},{\"@type\":\"BreadcrumbList\",\"@id\":\"https:\/\/aberturasilver.com.ar\/index.php\/producto\/porton-premium\/#breadcrumb\",\"itemListElement\":[{\"@type\":\"ListItem\",\"position\":1,\"name\":\"Portada\",\"item\":\"https:\/\/aberturasilver.com.ar\/\"},{\"@type\":\"ListItem\",\"position\":2,\"name\":\"Tienda\",\"item\":\"https:\/\/aberturasilver.com.ar\/index.php\/tienda\/\"},{\"@type\":\"ListItem\",\"position\":3,\"name\":\"PORT\u00d3N PREMIUM\"}]},{\"@type\":\"WebSite\",\"@id\":\"https:\/\/aberturasilver.com.ar\/#website\",\"url\":\"https:\/\/aberturasilver.com.ar\/\",\"name\":\"Aberturas Silver\",\"description\":\"Calidad en aberturas al mejor precio.\",\"publisher\":{\"@id\":\"https:\/\/aberturasilver.com.ar\/#organization\"},\"potentialAction\":[{\"@type\":\"SearchAction\",\"target\":{\"@type\":\"EntryPoint\",\"urlTemplate\":\"https:\/\/aberturasilver.com.ar\/?s={search_term_string}\"},\"query-input\":{\"@type\":\"PropertyValueSpecification\",\"valueRequired\":true,\"valueName\":\"search_term_string\"}}],\"inLanguage\":\"es-AR\"},{\"@type\":\"Organization\",\"@id\":\"https:\/\/aberturasilver.com.ar\/#organization\",\"name\":\"Aberturas Silver\",\"url\":\"https:\/\/aberturasilver.com.ar\/\",\"logo\":{\"@type\":\"ImageObject\",\"inLanguage\":\"es-AR\",\"@id\":\"https:\/\/aberturasilver.com.ar\/#\/schema\/logo\/image\/\",\"url\":\"https:\/\/aberturasilver.com.ar\/wp-content\/uploads\/2023\/07\/SILVER-LOGO3.jpg\",\"contentUrl\":\"https:\/\/aberturasilver.com.ar\/wp-content\/uploads\/2023\/07\/SILVER-LOGO3.jpg\",\"width\":700,\"height\":175,\"caption\":\"Aberturas Silver\"},\"image\":{\"@id\":\"https:\/\/aberturasilver.com.ar\/#\/schema\/logo\/image\/\"}}]}<\/script>\n<!-- \/ Yoast SEO plugin. -->","yoast_head_json":{"title":"PORT\u00d3N PREMIUM - Aberturas Silver","robots":{"index":"index","follow":"follow","max-snippet":"max-snippet:-1","max-image-preview":"max-image-preview:large","max-video-preview":"max-video-preview:-1"},"canonical":"https:\/\/aberturasilver.com.ar\/index.php\/producto\/porton-premium\/","og_locale":"es_ES","og_type":"article","og_title":"PORT\u00d3N PREMIUM - Aberturas Silver","og_description":"Port\u00f3n l\u00ednea premium Port\u00f3n super reforzado: Seguridad y elegancia Se entrega sin lustre, con barral decorativo. Cerradura de seguridad y llaves. En tres hojas 240&#215;200 &nbsp;","og_url":"https:\/\/aberturasilver.com.ar\/index.php\/producto\/porton-premium\/","og_site_name":"Aberturas Silver","article_modified_time":"2025-12-01T00:59:18+00:00","og_image":[{"width":700,"height":394,"url":"http:\/\/aberturasilver.com.ar\/wp-content\/uploads\/2025\/03\/Porton-linea-premium.jpg","type":"image\/jpeg"}],"twitter_card":"summary_large_image","twitter_misc":{"Tiempo de lectura":"1 minuto"},"schema":{"@context":"https:\/\/schema.org","@graph":[{"@type":"WebPage","@id":"https:\/\/aberturasilver.com.ar\/index.php\/producto\/porton-premium\/","url":"https:\/\/aberturasilver.com.ar\/index.php\/producto\/porton-premium\/","name":"PORT\u00d3N PREMIUM - Aberturas Silver","isPartOf":{"@id":"https:\/\/aberturasilver.com.ar\/#website"},"primaryImageOfPage":{"@id":"https:\/\/aberturasilver.com.ar\/index.php\/producto\/porton-premium\/#primaryimage"},"image":{"@id":"https:\/\/aberturasilver.com.ar\/index.php\/producto\/porton-premium\/#primaryimage"},"thumbnailUrl":"https:\/\/aberturasilver.com.ar\/wp-content\/uploads\/2025\/03\/Porton-linea-premium.jpg","datePublished":"2025-03-31T19:01:41+00:00","dateModified":"2025-12-01T00:59:18+00:00","breadcrumb":{"@id":"https:\/\/aberturasilver.com.ar\/index.php\/producto\/porton-premium\/#breadcrumb"},"inLanguage":"es-AR","potentialAction":[{"@type":"ReadAction","target":["https:\/\/aberturasilver.com.ar\/index.php\/producto\/porton-premium\/"]}]},{"@type":"ImageObject","inLanguage":"es-AR","@id":"https:\/\/aberturasilver.com.ar\/index.php\/producto\/porton-premium\/#primaryimage","url":"https:\/\/aberturasilver.com.ar\/wp-content\/uploads\/2025\/03\/Porton-linea-premium.jpg","contentUrl":"https:\/\/aberturasilver.com.ar\/wp-content\/uploads\/2025\/03\/Porton-linea-premium.jpg","width":700,"height":394},{"@type":"BreadcrumbList","@id":"https:\/\/aberturasilver.com.ar\/index.php\/producto\/porton-premium\/#breadcrumb","itemListElement":[{"@type":"ListItem","position":1,"name":"Portada","item":"https:\/\/aberturasilver.com.ar\/"},{"@type":"ListItem","position":2,"name":"Tienda","item":"https:\/\/aberturasilver.com.ar\/index.php\/tienda\/"},{"@type":"ListItem","position":3,"name":"PORT\u00d3N PREMIUM"}]},{"@type":"WebSite","@id":"https:\/\/aberturasilver.com.ar\/#website","url":"https:\/\/aberturasilver.com.ar\/","name":"Aberturas Silver","description":"Calidad en aberturas al mejor precio.","publisher":{"@id":"https:\/\/aberturasilver.com.ar\/#organization"},"potentialAction":[{"@type":"SearchAction","target":{"@type":"EntryPoint","urlTemplate":"https:\/\/aberturasilver.com.ar\/?s={search_term_string}"},"query-input":{"@type":"PropertyValueSpecification","valueRequired":true,"valueName":"search_term_string"}}],"inLanguage":"es-AR"},{"@type":"Organization","@id":"https:\/\/aberturasilver.com.ar\/#organization","name":"Aberturas Silver","url":"https:\/\/aberturasilver.com.ar\/","logo":{"@type":"ImageObject","inLanguage":"es-AR","@id":"https:\/\/aberturasilver.com.ar\/#\/schema\/logo\/image\/","url":"https:\/\/aberturasilver.com.ar\/wp-content\/uploads\/2023\/07\/SILVER-LOGO3.jpg","contentUrl":"https:\/\/aberturasilver.com.ar\/wp-content\/uploads\/2023\/07\/SILVER-LOGO3.jpg","width":700,"height":175,"caption":"Aberturas Silver"},"image":{"@id":"https:\/\/aberturasilver.com.ar\/#\/schema\/logo\/image\/"}}]}},"_links":{"self":[{"href":"https:\/\/aberturasilver.com.ar\/index.php\/wp-json\/wp\/v2\/product\/4627","targetHints":{"allow":["GET"]}}],"collection":[{"href":"https:\/\/aberturasilver.com.ar\/index.php\/wp-json\/wp\/v2\/product"}],"about":[{"href":"https:\/\/aberturasilver.com.ar\/index.php\/wp-json\/wp\/v2\/types\/product"}],"replies":[{"embeddable":true,"href":"https:\/\/aberturasilver.com.ar\/index.php\/wp-json\/wp\/v2\/comments?post=4627"}],"wp:featuredmedia":[{"embeddable":true,"href":"https:\/\/aberturasilver.com.ar\/index.php\/wp-json\/wp\/v2\/media\/4628"}],"wp:attachment":[{"href":"https:\/\/aberturasilver.com.ar\/index.php\/wp-json\/wp\/v2\/media?parent=4627"}],"wp:term":[{"taxonomy":"product_brand","embeddable":true,"href":"https:\/\/aberturasilver.com.ar\/index.php\/wp-json\/wp\/v2\/product_brand?post=4627"},{"taxonomy":"product_cat","embeddable":true,"href":"https:\/\/aberturasilver.com.ar\/index.php\/wp-json\/wp\/v2\/product_cat?post=4627"},{"taxonomy":"product_tag","embeddable":true,"href":"https:\/\/aberturasilver.com.ar\/index.php\/wp-json\/wp\/v2\/product_tag?post=4627"}],"curies":[{"name":"wp","href":"https:\/\/api.w.org\/{rel}","templated":true}]}}